{"id":13,"date":"2025-06-15T15:32:00","date_gmt":"2025-06-15T15:32:00","guid":{"rendered":"https:\/\/juicery.edhirya.com\/?page_id=13"},"modified":"2026-02-11T15:33:17","modified_gmt":"2026-02-11T15:33:17","slug":"links","status":"publish","type":"page","link":"https:\/\/juicery.edhirya.com\/index.php\/links\/","title":{"rendered":"Links"},"content":{"rendered":"<p><span style=\"color: #ffffff;\"><strong>Antalya Bir Turizm \u015eehridir nokta<\/strong><\/span><\/p>\n<p><span style=\"color: #ffffff;\"><strong>Antalya<\/strong>\u2019n\u0131n elit ve yak\u0131\u015f\u0131kl\u0131 beyleri, merhabalar, hepiniz profilimize ho\u015f geldiniz. Ben Seda, bu profil arkada\u015f\u0131m Sema ile sizlere vermi\u015f oldu\u011fumuz harika grup seks hizmeti i\u00e7in sizleri bilgilendirmek, sizlerle tan\u0131\u015fmak ve bu \u00f6zel seks hizmetlerimiz i\u00e7in sizler ile randevular ayarlamak i\u00e7in olu\u015fturmu\u015f oldu\u011fumuz bir profildir. Bu profili inceledi\u011finizde bizi tan\u0131m\u0131\u015f olacaks\u0131n\u0131z, bunun yan\u0131nda da en ate\u015fli seks g\u00f6r\u00fc\u015fmelerimiz ile ilgili baz\u0131 bilgilere ula\u015facaks\u0131n\u0131z. \u00d6ncelikle ben kendimi tan\u0131tmak istiyorum sizlere beyler. Ben Seda, 24 ya\u015f\u0131nda, gen\u00e7 bir k\u0131z\u0131m. 2 y\u0131ldan beri <strong> <a style=\"color: #ffffff;\" href=\"https:\/\/www.dosemealtiescortu.com\/\">D\u00f6\u015femealt\u0131 Escort<\/a><\/strong><strong>\u00a0<\/strong>olarak hizmet veriyorum. Sar\u0131\u015f\u0131n ve ela g\u00f6zl\u00fc, uzun boylu ve zay\u0131f, ince ve k\u0131vrak belli bir k\u0131z\u0131m. Arkada\u015f\u0131m Sema ise 23 ya\u015f\u0131nda, esmer g\u00fczeli, orta boylarda ve hafif bal\u0131k etli bir k\u0131z. Bizim gibi b\u00f6ylesine \u00f6zel, g\u00fczel, ate\u015fli ve seksi bir bayanlar ile hayat\u0131n\u0131z\u0131n en ate\u015fli ve en \u00f6zel dakikalar\u0131n\u0131 ya\u015famak ve zevkin doruk noktalar\u0131na \u00e7\u0131kmak isterseniz zaman kaybetmeden hemen profilimizdeki telefon numaram\u0131z\u0131 aray\u0131n. Sevgili beyler, biz en g\u00fczel ve en ate\u015fli seks g\u00f6r\u00fc\u015fmelerimizi sadece ve sadece kendi evimizde ger\u00e7ekle\u015ftirmekte olan seksi ve azg\u0131n <strong> <a style=\"color: #ffffff;\" href=\"https:\/\/kusadasiescortfk.com\/\">Escort Ku\u015fadas\u0131<\/a><\/strong>. G\u00f6r\u00fc\u015fmelerimizde sizlere asla ama asla anal seks ve kondomsuz seks hizmeti sunmuyoruz. Bunlar\u0131n d\u0131\u015f\u0131nda ise tamamen s\u0131n\u0131rs\u0131z bir \u015fekilde hizmet vermekte olan ate\u015fli escort bayanlar\u0131z.<\/span><\/p>\n<p><span style=\"color: #ffffff;\">Merhabalar Ankara\u2019n\u0131n yak\u0131\u015f\u0131kl\u0131, elit, kibar, ne istedi\u011fini bilen ve seks ate\u015fi ile yan\u0131p tutu\u015fmakta olan de\u011ferli beyleri, hepinize merhabalar. Ben Maria, 20 ya\u015f\u0131nda, olduk\u00e7a g\u00fczel, \u00f6zel, ate\u015fli, seksi ve azg\u0131n bir k\u0131z\u0131m. Rusyal\u0131y\u0131m, 2 sene \u00f6nce T\u00fcrkiye\u2019ye geldim ve yakla\u015f\u0131k olarak bu iki y\u0131ldan beri de sizlere en g\u00fczel \u015fekilde <strong><a style=\"color: #ffffff;\" href=\"https:\/\/www.manavgatescortfk.com\/\">Escort Manavgat<\/a><\/strong><strong>\u00a0<\/strong>olarak hizmet veriyorum. Sar\u0131\u015f\u0131n, mavi g\u00f6zl\u00fc, uzun boylu, zay\u0131f, olduk\u00e7a seksi ve g\u00fczel bir bayan\u0131m. Benim gibi bir k\u0131z ile g\u00f6r\u00fc\u015fmek, hayat\u0131n\u0131z\u0131n en ate\u015fli, en \u00f6zel ve en g\u00fczel dakikalar\u0131n\u0131 ya\u015famak ve zevkten \u00e7\u0131ld\u0131raca\u011f\u0131n\u0131z harika g\u00f6r\u00fc\u015fmeler ger\u00e7ekle\u015ftirmek i\u00e7in zaman kaybetmeden hemen beni aray\u0131n ve randevular\u0131n\u0131z\u0131 al\u0131n. Beni arad\u0131\u011f\u0131n\u0131zda e\u011fer ki \u00f6zel istekleriniz var ise bu isteklerinizi de belirtmeyi unutmay\u0131n\u0131z de\u011ferli beyler. Ben g\u00f6r\u00fc\u015fmelerimde sizler ile en g\u00fczel ve en \u00f6zel seks fantezilerini kalite ve sa\u011fl\u0131k \u00e7er\u00e7evesinde ger\u00e7ekle\u015ftiriyorum ve bu y\u00fczden bu \u00f6zel g\u00f6r\u00fc\u015fmelerimde sizlere asla ama asla anal seks, grup seks, kondomsuz seks ve a\u011fza \u2013 y\u00fcze bo\u015falma gibi fantezileri ya\u015fatm\u0131yorum. Bunlar\u0131n d\u0131\u015f\u0131nda ise diledi\u011finiz her t\u00fcrl\u00fc fanteziyi benim ile doyas\u0131ya ya\u015fayabilirsiniz de\u011ferli beyler. Ben g\u00f6r\u00fc\u015fmelerimde sizlerle zevkin doruklar\u0131na \u00e7\u0131kmadan g\u00f6r\u00fc\u015fmelerimi sonland\u0131rm\u0131yorum. G\u00f6r\u00fc\u015fmelerimde kar\u015f\u0131l\u0131kl\u0131 olarak zevk almay\u0131 ve mutlu olmay\u0131 ama\u00e7layan bir <strong><a style=\"color: #ffffff;\" href=\"https:\/\/serik.laraescortfk.com\/\">Serik Escort<\/a><\/strong>\u0131m. Merak etti\u011finiz her \u015fey i\u00e7in beni arayabilirsiniz.<\/span><\/p>\n","protected":false},"excerpt":{"rendered":"<p>Antalya Bir Turizm \u015eehridir nokta Antalya\u2019n\u0131n elit ve yak\u0131\u015f\u0131kl\u0131 beyleri, merhabalar, hepiniz profilimize ho\u015f geldiniz. Ben Seda, bu profil arkada\u015f\u0131m Sema ile sizlere vermi\u015f oldu\u011fumuz harika grup seks hizmeti i\u00e7in sizleri bilgilendirmek, sizlerle tan\u0131\u015fmak ve bu \u00f6zel seks hizmetlerimiz i\u00e7in sizler ile randevular ayarlamak i\u00e7in olu\u015fturmu\u015f oldu\u011fumuz bir profildir. Bu profili inceledi\u011finizde bizi tan\u0131m\u0131\u015f olacaks\u0131n\u0131z, [&hellip;]<\/p>\n","protected":false},"author":2,"featured_media":0,"parent":0,"menu_order":0,"comment_status":"closed","ping_status":"closed","template":"","meta":{"footnotes":""},"class_list":["post-13","page","type-page","status-publish","hentry"],"_links":{"self":[{"href":"https:\/\/juicery.edhirya.com\/index.php\/wp-json\/wp\/v2\/pages\/13","targetHints":{"allow":["GET"]}}],"collection":[{"href":"https:\/\/juicery.edhirya.com\/index.php\/wp-json\/wp\/v2\/pages"}],"about":[{"href":"https:\/\/juicery.edhirya.com\/index.php\/wp-json\/wp\/v2\/types\/page"}],"author":[{"embeddable":true,"href":"https:\/\/juicery.edhirya.com\/index.php\/wp-json\/wp\/v2\/users\/2"}],"replies":[{"embeddable":true,"href":"https:\/\/juicery.edhirya.com\/index.php\/wp-json\/wp\/v2\/comments?post=13"}],"version-history":[{"count":1,"href":"https:\/\/juicery.edhirya.com\/index.php\/wp-json\/wp\/v2\/pages\/13\/revisions"}],"predecessor-version":[{"id":15,"href":"https:\/\/juicery.edhirya.com\/index.php\/wp-json\/wp\/v2\/pages\/13\/revisions\/15"}],"wp:attachment":[{"href":"https:\/\/juicery.edhirya.com\/index.php\/wp-json\/wp\/v2\/media?parent=13"}],"curies":[{"name":"wp","href":"https:\/\/api.w.org\/{rel}","templated":true}]}}